{"id":899,"date":"2020-02-07T09:49:48","date_gmt":"2020-02-07T08:49:48","guid":{"rendered":"http:\/\/www.danse-tdc.com\/politique-de-confidentialite\/"},"modified":"2021-02-10T09:50:22","modified_gmt":"2021-02-10T08:50:22","slug":"privacy-policy","status":"publish","type":"page","link":"https:\/\/www.danse-tdc.com\/en\/privacy-policy\/","title":{"rendered":"Privacy Policy"},"content":{"rendered":"<p><strong> Politiques de confidentialit\u00e9 TDC<\/strong><\/p>\n<p><strong>Qui sommes-nous\u00a0?<\/strong><\/p>\n<p>L\u2019adresse de notre site Web est\u00a0: <a href=\"https:\/\/danse-tdc.com\/\">https:\/\/danse-tdc.com\/<\/a>.<\/p>\n<p><strong>Donn\u00e9es personnelles et traitement de donn\u00e9es personnelles\u00a0<\/strong><\/p>\n<p><strong>D\u00e9finitions <\/strong><\/p>\n<p><strong>Donn\u00e9e personnelle<\/strong>\u00a0: renseignement qui permet \u00e0 un individu d\u2019\u00eatre identifi\u00e9\u00a0de fa\u00e7on directe ou indirecte.<\/p>\n<p>Entrent dans cette cat\u00e9gorie\u00a0:<\/p>\n<p>&nbsp;<\/p>\n<ul>\n<li>le nom et le pr\u00e9nom de la personne,<\/li>\n<li>son \u00e2ge et sexe,<\/li>\n<li>sa situation familiale,<\/li>\n<li>ses informations de contact (e-mail, t\u00e9l\u00e9phone), d\u2019identification (ID \/ pseudonyme), de connexion et de navigation (adresse IP, g\u00e9olocalisation), etc.<\/li>\n<\/ul>\n<p>&nbsp;<\/p>\n<p><strong>Traitement de donn\u00e9es personnelles<\/strong>\u00a0: processus subi par les donn\u00e9es personnelles qui implique la collecte, la sauvegarde, l\u2019organisation, la conservation, l\u2019envoi, l\u2019ajustement, la modification, la consultation, l\u2019effacement, la destruction de celles-ci\u2026<\/p>\n<p>&nbsp;<\/p>\n<h2>Droits et libert\u00e9s selon le RGPD<\/h2>\n<p>Le r\u00e8glement g\u00e9n\u00e9ral sur la protection des donn\u00e9es (RGPD) applicable \u00e0 partir du 25 mai 2018 mentionne les droits suivants :<\/p>\n<p>&nbsp;<\/p>\n<ul>\n<li>Le droit \u00e0 l\u2019acc\u00e8s : vous avez le droit de solliciter la communication des informations personnelles que l\u2019\u00e9tablissement d\u00e9tient \u00e0 votre sujet dans ses fichiers<\/li>\n<li>Le droit de rectification\u00a0: Vous avez le droit de demander la rectification de vos donn\u00e9es personnelles en cas d\u2019inexactitude ou en vue de les compl\u00e9ter.<\/li>\n<li>Le droit \u00e0 la portabilit\u00e9 : vous pouvez demander \u00e0 l\u2019\u00e9tablissement de vous fournir les donn\u00e9es personnelles vous concernant en format \u00ab structur\u00e9, couramment utilis\u00e9 et lisible par machine \u00bb<\/li>\n<li>Le droit \u00e0 la suppression : vous avez la possibilit\u00e9 d\u2019indiquer \u00e0 la structure que vous souhaitez l\u2019effacement des donn\u00e9es personnelles vous concernant qui se trouvent dans ses fichiers<\/li>\n<li>Le droit d\u2019opposition : vous pouvez vous opposer au traitement de vos donn\u00e9es ainsi qu\u2019\u00e0 toute prise de contact par la structure ou l\u2019un de ses partenaires.<\/li>\n<li>Le droit de restriction\u00a0: vous \u00eates en droit de demander la limitation de l\u2019utilisation faite de vos donn\u00e9es par VIADANSE dans les situations suivantes\u00a0:<\/li>\n<\/ul>\n<p>&#8211; Vous vous opposez au traitement de vos donn\u00e9es sur la base d\u2019un int\u00e9r\u00eat l\u00e9gitime.<\/p>\n<p>&#8211; Vous d\u00e9clarez l\u2019inexactitude de vos donn\u00e9es<\/p>\n<p>&#8211; Vous estimez que le traitement de vos donn\u00e9es est ill\u00e9gal<\/p>\n<ul>\n<li>Le droit de r\u00e9clamation aupr\u00e8s d\u2019une autorit\u00e9 comp\u00e9tente\u00a0:<\/li>\n<\/ul>\n<p>Si vous estimez que VIADANSE utilise vos donn\u00e9es personnelles de mani\u00e8re abusives\/inappropri\u00e9es, vous pouvez d\u00e9poser une r\u00e9clamation aupr\u00e8s de l\u2019autorit\u00e9 comp\u00e9tente\u00a0: <a href=\"https:\/\/www.cnil.fr\/fr\/plaintes\/internet\">https:\/\/www.cnil.fr\/fr\/plaintes\/internet<\/a><\/p>\n<p>&nbsp;<\/p>\n<p>Vous pouvez faire valoir vos droits aupr\u00e8s de VIADANSE\u00a0en nous indiquant vos nom, pr\u00e9nom, adresse et coordonn\u00e9es :<\/p>\n<p>&#8211; Par voie postale\u00a0: VIADANSE, 3 Avenue de l\u2019Esp\u00e9rance, 90000 Belfort<\/p>\n<p>&#8211; Par voie \u00e9lectronique\u00a0:\u00a0<a href=\"mailto:contact@esaaa.fr\">actionculturelle@viadanse.com<\/a><\/p>\n<p>&nbsp;<\/p>\n<p><strong>D\u00e9lais de r\u00e9ponse de VIADANSE\u00a0:<\/strong><\/p>\n<p>Pour toute demande visant \u00e0 faire valoir vos droits relatifs \u00e0 vos donn\u00e9es personnelles, VIADANSE s\u2019engage \u00e0 r\u00e9pondre \u00e0 vos attentes sous un maximum de 30 jours \u00e0 compter de la r\u00e9ception de votre requ\u00eate.<\/p>\n<p>&nbsp;<\/p>\n<p><strong>Utilisation des donn\u00e9es personnelles collect\u00e9es<\/strong><\/p>\n<p>Les donn\u00e9es personnelles collect\u00e9es par VIADANSE au moyen du site web du projet TDC ne sont pas c\u00e9d\u00e9es ou lou\u00e9es, \u00e0 titre gratuit ou on\u00e9reux, \u00e0 des tiers.<\/p>\n<p><strong>Les finalit\u00e9s du traitement de vos donn\u00e9es par VIADANSE \u00e9diteur du site web du projet TDC (www.danse-tdc.com)\u00a0<\/strong><\/p>\n<p>Le traitement des donn\u00e9es personnelles recueillies par le biais du site web du projet TDC sera effectu\u00e9 uniquement en vue d\u2019am\u00e9liorer notre site (\u00e9ventuels dysfonctionnements, s\u00e9curit\u00e9 du site web et\/ou des serveurs) et faciliter votre navigation (calculs statistiques anonymis\u00e9s par Google Analytics).<\/p>\n<p><strong>\u00a0<\/strong><\/p>\n<p><strong>Dur\u00e9e de conservation de vos donn\u00e9es\u00a0<\/strong><\/p>\n<p>Conform\u00e9ment au RGPD, la dur\u00e9e de conservation de vos donn\u00e9es personnelles d\u00e9pendra du type d\u2019information recueilli et de la finalit\u00e9 de la collecte effectu\u00e9e.<\/p>\n<p><strong>D\u00e9finition et gestion des cookies<\/strong><\/p>\n<p>Afin de permettre l\u2019analyse statistique des visites des internautes et le nombre de clique sur certain bouton, le pr\u00e9sent site utilise des cookies.<\/p>\n<p>Il s\u2019agit d\u2019un petit fichier d\u00e9pos\u00e9 sur votre ordinateur (ou autre terminal) lors de la consultation de certains sites web et qui conserve des informations relatives \u00e0 votre navigation en vue d\u2019une connexion ult\u00e9rieure.<\/p>\n<p>En vous connectant \u00e0 notre site pour la premi\u00e8re fois, un bandeau apparaissant en bas de votre \u00e9cran vous avertira de l\u2019enregistrement possible de cookies sur votre poste. Vous serez alors libres de consentir ou non \u00e0 l\u2019enregistrement et \u00e0 l\u2019utilisation de ces cookies.<\/p>\n<p>Conform\u00e9ment aux directives de la CNIL, certains cookies n\u2019imposent pas de recueil pr\u00e9alable de votre consentement dans la mesure o\u00f9 ils sont strictement n\u00e9cessaires au fonctionnement du site internet ou ont pour finalit\u00e9 exclusive de permettre ou faciliter la communication par voie \u00e9lectronique.<\/p>\n<p>Les cookies analytiques sont consid\u00e9r\u00e9s comme des donn\u00e9es \u00e0 caract\u00e8re personnel.<\/p>\n<p>Sauf action contraire de votre part, les cookies analytiques seront conserv\u00e9s sur les serveurs de Google pendant 14 mois. Si au bout de cet intervalle vous ne visitez pas le site web du projet TDC, les cookies seront effac\u00e9s automatiquement. Pour plus d\u2019informations concernant la politique de s\u00e9curit\u00e9 et de confidentialit\u00e9 des donn\u00e9es de Google Analytics, consultez l\u2019<a href=\"https:\/\/support.google.com\/analytics\/topic\/2919631?hl=fr&amp;ref_topic=1008008\">article d\u00e9di\u00e9<\/a>\u00a0(lien externe).<\/p>\n<p>Vous avez la possibilit\u00e9 d\u2019effacer simplement des cookies de votre ordinateur \u00e0 l\u2019aide de votre navigateur. Afin d\u2019en savoir plus sur la proc\u00e9dure \u00e0 suivre pour g\u00e9rer et supprimer les cookies, nous vous invitons \u00e0 consulter la rubrique \u00ab\u00a0aide\u00a0\u00bb de votre navigateur. Vous aurez ainsi la possibilit\u00e9 de d\u00e9sactiver les cookies ou de recevoir une notification syst\u00e9matique lorsqu\u2019un nouveau cookie sera envoy\u00e9 terminal (ordinateur ou appareil portable).<\/p>\n<p>Pour \u00e9viter la conservation de cookies sur votre disque dur, vous pouvez utiliser le mode \u00ab\u00a0navigation priv\u00e9e\u00a0\u00bb de votre navigateur. Pour conna\u00eetre les modalit\u00e9s d\u2019activer la navigation priv\u00e9e, renseignez-vous aupr\u00e8s de votre fournisseur de navigateur (Chrome, Firefox, Safari\u2026).<\/p>\n<p><strong>Contenu embarqu\u00e9 depuis d\u2019autres sites<\/strong><\/p>\n<p>Les articles de ce site peuvent inclure des contenus int\u00e9gr\u00e9s (par exemple des vid\u00e9os, images, articles\u2026). Le contenu int\u00e9gr\u00e9 depuis d\u2019autres sites se comporte de la m\u00eame mani\u00e8re que si le visiteur se rendait sur cet autre site.<\/p>\n<p>Ces sites web pourraient collecter des donn\u00e9es sur vous, utiliser des cookies, embarquer des outils de suivis tiers, suivre vos interactions avec ces contenus embarqu\u00e9s si vous disposez d\u2019un compte connect\u00e9 sur leur site web.<\/p>\n<p><strong>Mise \u00e0 jour de notre politique de confidentialit\u00e9<\/strong><\/p>\n<p>La pr\u00e9sente politique de confidentialit\u00e9 pourra \u00eatre mise \u00e0 jour p\u00e9riodiquement et sans pr\u00e9avis. Elle prendra effet d\u00e8s sa publication. Toutefois, vos donn\u00e9es personnelles seront utilis\u00e9es conform\u00e9ment \u00e0 la politique de confidentialit\u00e9 en vigueur au moment o\u00f9 vous nous avez soumis des dites donn\u00e9es.<\/p>\n","protected":false},"excerpt":{"rendered":"<p>Politiques de confidentialit\u00e9 TDC Qui sommes-nous\u00a0? L\u2019adresse de notre site Web est\u00a0: https:\/\/danse-tdc.com\/. Donn\u00e9es personnelles et traitement de donn\u00e9es personnelles\u00a0 D\u00e9finitions Donn\u00e9e personnelle\u00a0: renseignement qui permet \u00e0 un individu d\u2019\u00eatre identifi\u00e9\u00a0de fa\u00e7on directe ou indirecte. Entrent dans cette cat\u00e9gorie\u00a0: &nbsp; le nom et le pr\u00e9nom de la personne, son \u00e2ge et sexe, sa situation familiale, [&hellip;]<\/p>\n","protected":false},"author":1,"featured_media":0,"parent":0,"menu_order":0,"comment_status":"closed","ping_status":"open","template":"template-pageBuilder.php","meta":[],"acf":[],"_links":{"self":[{"href":"https:\/\/www.danse-tdc.com\/en\/wp-json\/wp\/v2\/pages\/899"}],"collection":[{"href":"https:\/\/www.danse-tdc.com\/en\/wp-json\/wp\/v2\/pages"}],"about":[{"href":"https:\/\/www.danse-tdc.com\/en\/wp-json\/wp\/v2\/types\/page"}],"author":[{"embeddable":true,"href":"https:\/\/www.danse-tdc.com\/en\/wp-json\/wp\/v2\/users\/1"}],"replies":[{"embeddable":true,"href":"https:\/\/www.danse-tdc.com\/en\/wp-json\/wp\/v2\/comments?post=899"}],"version-history":[{"count":25,"href":"https:\/\/www.danse-tdc.com\/en\/wp-json\/wp\/v2\/pages\/899\/revisions"}],"predecessor-version":[{"id":1031,"href":"https:\/\/www.danse-tdc.com\/en\/wp-json\/wp\/v2\/pages\/899\/revisions\/1031"}],"wp:attachment":[{"href":"https:\/\/www.danse-tdc.com\/en\/wp-json\/wp\/v2\/media?parent=899"}],"curies":[{"name":"wp","href":"https:\/\/api.w.org\/{rel}","templated":true}]}}